{"id":36457,"date":"2023-05-30T19:54:50","date_gmt":"2023-05-30T18:54:50","guid":{"rendered":"https:\/\/agatabuczek.art\/?post_type=product&#038;p=36457"},"modified":"2023-06-14T18:35:18","modified_gmt":"2023-06-14T17:35:18","slug":"the-lightness-of-the-moment-original","status":"publish","type":"product","link":"https:\/\/agatabuczek.art\/de\/shop\/paintings\/die-leichtigkeit-des-augenblicks-original","title":{"rendered":"Die Leichtigkeit des Augenblicks \u2013 original"},"content":{"rendered":"<p><strong>\"Die Leichtigkeit des Augenblicks\"<\/strong> ist ein surrealistisches Gem\u00e4lde aus dem Jahr 2023.<\/p>\n<p>Es l\u00e4sst uns innehalten und uns den Momenten hingeben, die uns jeden Tag entgehen. Tauchen Sie ein in die Sommersonne, den Duft der Blumen und die unendliche Kraft der Fantasie.<\/p>\n<p>Es wurde mit \u00d6lfarben auf einem \u00fcber einen Keilrahmen gespannten Leinwandtr\u00e4ger gemalt. Das Gem\u00e4lde hat bemalte Seiten und ist bereit, mit oder ohne Rahmen an die Wand geh\u00e4ngt zu werden.<br \/>\nDie Verwendung hochwertigster Materialien und die anschlie\u00dfende Lackierung des fertigen Werks verleihen ihm eine au\u00dferordentliche Haltbarkeit \u00fcber viele Jahre.<\/p>\n<p><strong>Jedes Bild wird nur einmal erstellt und ist einzigartig und unwiederholbar.<\/strong><br \/>\nNeben ihrem \u00e4sthetischen Wert und ihrer tiefgr\u00fcndigen Botschaft haben die Originalwerke auch einen hohen Sammlerwert.<\/p>\n<p>&nbsp;<\/p>\n<p><a href=\"https:\/\/agatabuczek.art\/de\/info-paintings\/\">Gem\u00e4lde - informationen<\/a><\/p>","protected":false},"excerpt":{"rendered":"<p>Weitere Informationen zu den Gem\u00e4lden finden Sie <a href=\"https:\/\/agatabuczek.art\/de\/info-paintings\/\">hier<\/a>.<\/p>","protected":false},"featured_media":36455,"comment_status":"open","ping_status":"closed","template":"","meta":[],"product_cat":[24],"product_tag":[53,66,63,69,55,47,48,54,59,64,70,65,49,50,52,51,56,60,61,68,57,62,58,67],"yoast_head":"<!-- This site is optimized with the Yoast SEO plugin v20.13 - https:\/\/yoast.com\/wordpress\/plugins\/seo\/ -->\n<title>The lightness of the moment - original - Agata Buczek Art<\/title>\n<meta name=\"description\" content=\"Original oil painting &quot;The lightness of the moment&quot; created by Agata Buczek that is available here in her offical store\" \/>\n<meta name=\"robots\" content=\"index, follow, max-snippet:-1, max-image-preview:large, max-video-preview:-1\" \/>\n<link rel=\"canonical\" href=\"https:\/\/agatabuczek.art\/de\/shop\/paintings\/die-leichtigkeit-des-augenblicks-original\/\" \/>\n<meta property=\"og:locale\" content=\"de_DE\" \/>\n<meta property=\"og:type\" content=\"article\" \/>\n<meta property=\"og:title\" content=\"The lightness of the moment - original - Agata Buczek Art\" \/>\n<meta property=\"og:description\" content=\"Original oil painting &quot;The lightness of the moment&quot; created by Agata Buczek that is available here in her offical store\" \/>\n<meta property=\"og:url\" content=\"https:\/\/agatabuczek.art\/de\/shop\/paintings\/die-leichtigkeit-des-augenblicks-original\/\" \/>\n<meta property=\"og:site_name\" content=\"Agata Buczek Art\" \/>\n<meta property=\"article:modified_time\" content=\"2023-06-14T17:35:18+00:00\" \/>\n<meta property=\"og:image\" content=\"https:\/\/agatabuczek.art\/wp-content\/uploads\/2023\/05\/lekkosc_chwili.jpg?v=1685474259\" \/>\n\t<meta property=\"og:image:width\" content=\"1500\" \/>\n\t<meta property=\"og:image:height\" content=\"1500\" \/>\n\t<meta property=\"og:image:type\" content=\"image\/jpeg\" \/>\n<meta name=\"twitter:card\" content=\"summary_large_image\" \/>\n<meta name=\"twitter:label1\" content=\"Gesch\u00e4tzte Lesezeit\" \/>\n\t<meta name=\"twitter:data1\" content=\"1 Minute\" \/>\n<script type=\"application\/ld+json\" class=\"yoast-schema-graph\">{\"@context\":\"https:\/\/schema.org\",\"@graph\":[{\"@type\":\"WebPage\",\"@id\":\"https:\/\/agatabuczek.art\/shop\/paintings\/the-lightness-of-the-moment-original\",\"url\":\"https:\/\/agatabuczek.art\/shop\/paintings\/the-lightness-of-the-moment-original\",\"name\":\"The lightness of the moment - original - Agata Buczek Art\",\"isPartOf\":{\"@id\":\"https:\/\/agatabuczek.art\/#website\"},\"datePublished\":\"2023-05-30T18:54:50+00:00\",\"dateModified\":\"2023-06-14T17:35:18+00:00\",\"description\":\"Original oil painting \\\"The lightness of the moment\\\" created by Agata Buczek that is available here in her offical store\",\"breadcrumb\":{\"@id\":\"https:\/\/agatabuczek.art\/shop\/paintings\/the-lightness-of-the-moment-original#breadcrumb\"},\"inLanguage\":\"de-DE\",\"potentialAction\":[{\"@type\":\"ReadAction\",\"target\":[\"https:\/\/agatabuczek.art\/shop\/paintings\/the-lightness-of-the-moment-original\"]}]},{\"@type\":\"BreadcrumbList\",\"@id\":\"https:\/\/agatabuczek.art\/shop\/paintings\/the-lightness-of-the-moment-original#breadcrumb\",\"itemListElement\":[{\"@type\":\"ListItem\",\"position\":1,\"name\":\"Wellcome to shop\",\"item\":\"https:\/\/agatabuczek.art\/?page_id=17\"},{\"@type\":\"ListItem\",\"position\":2,\"name\":\"The lightness of the moment &#8211; original\"}]},{\"@type\":\"WebSite\",\"@id\":\"https:\/\/agatabuczek.art\/#website\",\"url\":\"https:\/\/agatabuczek.art\/\",\"name\":\"Agata Buczek Art\",\"description\":\"obraz, obraz do salonu, obraz na p\u0142\u00f3tnie, obraz do sypialni, abstrakcja, fine art, giclee, inkografia, buczek, obraz olejny, painting, painting with a twist, giclee, inkography, oil painting, oil painting for sale, painting for the living room, bild, kunst, modern kunst, abstrakte kunst, surrealismus kunst, olgemalde, bild f\u00fcrs wohnzimmer, kunstwerk\",\"publisher\":{\"@id\":\"https:\/\/agatabuczek.art\/#organization\"},\"potentialAction\":[{\"@type\":\"SearchAction\",\"target\":{\"@type\":\"EntryPoint\",\"urlTemplate\":\"https:\/\/agatabuczek.art\/?s={search_term_string}\"},\"query-input\":\"required name=search_term_string\"}],\"inLanguage\":\"de-DE\"},{\"@type\":\"Organization\",\"@id\":\"https:\/\/agatabuczek.art\/#organization\",\"name\":\"Agata Buczek Art\",\"url\":\"https:\/\/agatabuczek.art\/\",\"logo\":{\"@type\":\"ImageObject\",\"inLanguage\":\"de-DE\",\"@id\":\"https:\/\/agatabuczek.art\/#\/schema\/logo\/image\/\",\"url\":\"https:\/\/agatabuczek.art\/wp-content\/uploads\/2022\/05\/smallLogo.svg\",\"contentUrl\":\"https:\/\/agatabuczek.art\/wp-content\/uploads\/2022\/05\/smallLogo.svg\",\"width\":400,\"height\":400,\"caption\":\"Agata Buczek Art\"},\"image\":{\"@id\":\"https:\/\/agatabuczek.art\/#\/schema\/logo\/image\/\"}}]}<\/script>\n<!-- \/ Yoast SEO plugin. -->","yoast_head_json":{"title":"The lightness of the moment - original - Agata Buczek Art","description":"Original oil painting \"The lightness of the moment\" created by Agata Buczek that is available here in her offical store","robots":{"index":"index","follow":"follow","max-snippet":"max-snippet:-1","max-image-preview":"max-image-preview:large","max-video-preview":"max-video-preview:-1"},"canonical":"https:\/\/agatabuczek.art\/de\/shop\/paintings\/die-leichtigkeit-des-augenblicks-original\/","og_locale":"de_DE","og_type":"article","og_title":"The lightness of the moment - original - Agata Buczek Art","og_description":"Original oil painting \"The lightness of the moment\" created by Agata Buczek that is available here in her offical store","og_url":"https:\/\/agatabuczek.art\/de\/shop\/paintings\/die-leichtigkeit-des-augenblicks-original\/","og_site_name":"Agata Buczek Art","article_modified_time":"2023-06-14T17:35:18+00:00","og_image":[{"width":1500,"height":1500,"url":"https:\/\/agatabuczek.art\/wp-content\/uploads\/2023\/05\/lekkosc_chwili.jpg?v=1685474259","type":"image\/jpeg"}],"twitter_card":"summary_large_image","twitter_misc":{"Gesch\u00e4tzte Lesezeit":"1 Minute"},"schema":{"@context":"https:\/\/schema.org","@graph":[{"@type":"WebPage","@id":"https:\/\/agatabuczek.art\/shop\/paintings\/the-lightness-of-the-moment-original","url":"https:\/\/agatabuczek.art\/shop\/paintings\/the-lightness-of-the-moment-original","name":"The lightness of the moment - original - Agata Buczek Art","isPartOf":{"@id":"https:\/\/agatabuczek.art\/#website"},"datePublished":"2023-05-30T18:54:50+00:00","dateModified":"2023-06-14T17:35:18+00:00","description":"Original oil painting \"The lightness of the moment\" created by Agata Buczek that is available here in her offical store","breadcrumb":{"@id":"https:\/\/agatabuczek.art\/shop\/paintings\/the-lightness-of-the-moment-original#breadcrumb"},"inLanguage":"de-DE","potentialAction":[{"@type":"ReadAction","target":["https:\/\/agatabuczek.art\/shop\/paintings\/the-lightness-of-the-moment-original"]}]},{"@type":"BreadcrumbList","@id":"https:\/\/agatabuczek.art\/shop\/paintings\/the-lightness-of-the-moment-original#breadcrumb","itemListElement":[{"@type":"ListItem","position":1,"name":"Wellcome to shop","item":"https:\/\/agatabuczek.art\/?page_id=17"},{"@type":"ListItem","position":2,"name":"The lightness of the moment &#8211; original"}]},{"@type":"WebSite","@id":"https:\/\/agatabuczek.art\/#website","url":"https:\/\/agatabuczek.art\/","name":"Agata Buczek Art","description":"obraz, obraz do salonu, obraz na p\u0142\u00f3tnie, obraz do sypialni, abstrakcja, fine art, giclee, inkografia, buczek, obraz olejny, painting, painting with a twist, giclee, inkography, oil painting, oil painting for sale, painting for the living room, bild, kunst, modern kunst, abstrakte kunst, surrealismus kunst, olgemalde, bild f\u00fcrs wohnzimmer, kunstwerk","publisher":{"@id":"https:\/\/agatabuczek.art\/#organization"},"potentialAction":[{"@type":"SearchAction","target":{"@type":"EntryPoint","urlTemplate":"https:\/\/agatabuczek.art\/?s={search_term_string}"},"query-input":"required name=search_term_string"}],"inLanguage":"de-DE"},{"@type":"Organization","@id":"https:\/\/agatabuczek.art\/#organization","name":"Agata Buczek Art","url":"https:\/\/agatabuczek.art\/","logo":{"@type":"ImageObject","inLanguage":"de-DE","@id":"https:\/\/agatabuczek.art\/#\/schema\/logo\/image\/","url":"https:\/\/agatabuczek.art\/wp-content\/uploads\/2022\/05\/smallLogo.svg","contentUrl":"https:\/\/agatabuczek.art\/wp-content\/uploads\/2022\/05\/smallLogo.svg","width":400,"height":400,"caption":"Agata Buczek Art"},"image":{"@id":"https:\/\/agatabuczek.art\/#\/schema\/logo\/image\/"}}]}},"_links":{"self":[{"href":"https:\/\/agatabuczek.art\/de\/wp-json\/wp\/v2\/product\/36457"}],"collection":[{"href":"https:\/\/agatabuczek.art\/de\/wp-json\/wp\/v2\/product"}],"about":[{"href":"https:\/\/agatabuczek.art\/de\/wp-json\/wp\/v2\/types\/product"}],"replies":[{"embeddable":true,"href":"https:\/\/agatabuczek.art\/de\/wp-json\/wp\/v2\/comments?post=36457"}],"wp:featuredmedia":[{"embeddable":true,"href":"https:\/\/agatabuczek.art\/de\/wp-json\/wp\/v2\/media\/36455"}],"wp:attachment":[{"href":"https:\/\/agatabuczek.art\/de\/wp-json\/wp\/v2\/media?parent=36457"}],"wp:term":[{"taxonomy":"product_cat","embeddable":true,"href":"https:\/\/agatabuczek.art\/de\/wp-json\/wp\/v2\/product_cat?post=36457"},{"taxonomy":"product_tag","embeddable":true,"href":"https:\/\/agatabuczek.art\/de\/wp-json\/wp\/v2\/product_tag?post=36457"}],"curies":[{"name":"wp","href":"https:\/\/api.w.org\/{rel}","templated":true}]}}