{"id":49954,"date":"2026-04-03T16:45:27","date_gmt":"2026-04-03T14:45:27","guid":{"rendered":"https:\/\/agatabuczek.art\/?post_type=product&#038;p=49954"},"modified":"2026-04-03T16:53:57","modified_gmt":"2026-04-03T14:53:57","slug":"inner-path-original","status":"publish","type":"product","link":"https:\/\/agatabuczek.art\/de\/shop\/paintings\/der-innere-weg-original","title":{"rendered":"Der innere Weg \u2013 original"},"content":{"rendered":"<p data-start=\"161\" data-end=\"227\"><strong data-start=\"161\" data-end=\"177\">\u201eDer innere Weg\u201c<\/strong><br data-start=\"177\" data-end=\"180\" \/>\u00d6l auf Leinwand, 100 \u00d7 100 cm<br data-start=\"207\" data-end=\"210\" \/>Magischer Realismus<\/p>\n<p data-start=\"229\" data-end=\"626\">Das Gem\u00e4lde zeigt einen Moment des \u00dcbergangs \u2014 still und beinahe sakral. Ein Junge, der auf dem R\u00fccken eines m\u00e4chtigen B\u00e4ren sitzt, dringt tiefer in einen Wald ein, der nicht mehr nur ein Naturraum ist, sondern zu einem symbolischen Tor zwischen den Welten wird. Verschlungene, alte B\u00e4ume bilden einen bogenartigen Durchgang, der an ein Portal erinnert \u2014 als w\u00fcrde die Natur selbst den Weg in eine andere Dimension \u00f6ffnen: eine innere, emotionale, spirituelle.<\/p>\n<p data-start=\"628\" data-end=\"999\">Der B\u00e4r \u2014 ein Archetyp f\u00fcr St\u00e4rke, Schutz und urspr\u00fcngliche Weisheit \u2014 f\u00fchrt das Kind ruhig und sicher. Es gibt hier keine Angst und keine Spannung, sondern Vertrauen. Die Beziehung zwischen dem Jungen und dem Tier basiert auf Stille und gegenseitigem Verst\u00e4ndnis und unterstreicht die Harmonie zwischen Mensch und Natur sowie die R\u00fcckkehr zu Instinkten, die in der Welt der Erwachsenen verloren gegangen sind.<\/p>\n<p data-start=\"1001\" data-end=\"1309\">Die k\u00fchle, n\u00e4chtliche Farbpalette \u2014 Blau-, Gr\u00fcn- und tiefe Schattent\u00f6ne \u2014 schafft eine Atmosph\u00e4re von Geheimnis und Konzentration. Ein sanftes Licht im Hintergrund erhellt den Weg und deutet an, dass das Unbekannte nicht dunkel sein muss. Es ist ein Versprechen von Entdeckung, nicht von Gefahr. Der Wald schlie\u00dft nicht ein \u2014 er l\u00e4dt ein.<\/p>\n<p data-start=\"1311\" data-end=\"1630\">Das Bild erz\u00e4hlt vom Erwachsenwerden, vom \u00dcberschreiten von Grenzen, aber auch von der Notwendigkeit eines Begleiters \u2014 eines inneren oder symbolischen F\u00fchrers, der uns durch die Etappen des Lebens f\u00fchrt. Es ist eine Geschichte der Initiation, vom Mut, in die eigene Tiefe zu gehen, und von der Kraft, die aus der Verbindung von Unschuld und urspr\u00fcnglicher Weisheit entsteht.<\/p>\n<p><strong>Jedes Bild wird nur einmal erstellt und ist einzigartig und unwiederholbar.<\/strong><br \/>\nNeben ihrem \u00e4sthetischen Wert und ihrer tiefgr\u00fcndigen Botschaft haben die Originalwerke auch einen hohen Sammlerwert.<\/p>\n<p>&nbsp;<\/p>\n<p><a href=\"https:\/\/agatabuczek.art\/de\/info-paintings\/\">Gem\u00e4lde - informationen<\/a><\/p>","protected":false},"excerpt":{"rendered":"<p>Weitere Informationen zu den Gem\u00e4lden finden Sie <a href=\"https:\/\/agatabuczek.art\/de\/info-paintings\/\">hier<\/a>.<\/p>","protected":false},"featured_media":49953,"comment_status":"open","ping_status":"closed","template":"","meta":[],"product_cat":[24],"product_tag":[53,66,63,69,55,47,48,54,59,64,70,65,49,50,52,51,56,60,61,68,57,62,58,67],"yoast_head":"<!-- This site is optimized with the Yoast SEO plugin v20.13 - https:\/\/yoast.com\/wordpress\/plugins\/seo\/ -->\n<title>Inner Path - original - Agata Buczek Art<\/title>\n<meta name=\"description\" content=\"Original oil painting &quot;Inner Path&quot; created by Agata Buczek that is available here in her offical store\" \/>\n<meta name=\"robots\" content=\"index, follow, max-snippet:-1, max-image-preview:large, max-video-preview:-1\" \/>\n<link rel=\"canonical\" href=\"https:\/\/agatabuczek.art\/de\/shop\/paintings\/der-innere-weg-original\/\" \/>\n<meta property=\"og:locale\" content=\"de_DE\" \/>\n<meta property=\"og:type\" content=\"article\" \/>\n<meta property=\"og:title\" content=\"Inner Path - original - Agata Buczek Art\" \/>\n<meta property=\"og:description\" content=\"Original oil painting &quot;Inner Path&quot; created by Agata Buczek that is available here in her offical store\" \/>\n<meta property=\"og:url\" content=\"https:\/\/agatabuczek.art\/de\/shop\/paintings\/der-innere-weg-original\/\" \/>\n<meta property=\"og:site_name\" content=\"Agata Buczek Art\" \/>\n<meta property=\"article:modified_time\" content=\"2026-04-03T14:53:57+00:00\" \/>\n<meta property=\"og:image\" content=\"https:\/\/agatabuczek.art\/wp-content\/uploads\/2026\/04\/wewnetrzna_droga.webp\" \/>\n\t<meta property=\"og:image:width\" content=\"2000\" \/>\n\t<meta property=\"og:image:height\" content=\"2000\" \/>\n\t<meta property=\"og:image:type\" content=\"image\/webp\" \/>\n<meta name=\"twitter:card\" content=\"summary_large_image\" \/>\n<meta name=\"twitter:label1\" content=\"Gesch\u00e4tzte Lesezeit\" \/>\n\t<meta name=\"twitter:data1\" content=\"2 Minuten\" \/>\n<script type=\"application\/ld+json\" class=\"yoast-schema-graph\">{\"@context\":\"https:\/\/schema.org\",\"@graph\":[{\"@type\":\"WebPage\",\"@id\":\"https:\/\/agatabuczek.art\/shop\/paintings\/inner-path-original\",\"url\":\"https:\/\/agatabuczek.art\/shop\/paintings\/inner-path-original\",\"name\":\"Inner Path - original - Agata Buczek Art\",\"isPartOf\":{\"@id\":\"https:\/\/agatabuczek.art\/#website\"},\"datePublished\":\"2026-04-03T14:45:27+00:00\",\"dateModified\":\"2026-04-03T14:53:57+00:00\",\"description\":\"Original oil painting \\\"Inner Path\\\" created by Agata Buczek that is available here in her offical store\",\"breadcrumb\":{\"@id\":\"https:\/\/agatabuczek.art\/shop\/paintings\/inner-path-original#breadcrumb\"},\"inLanguage\":\"de-DE\",\"potentialAction\":[{\"@type\":\"ReadAction\",\"target\":[\"https:\/\/agatabuczek.art\/shop\/paintings\/inner-path-original\"]}]},{\"@type\":\"BreadcrumbList\",\"@id\":\"https:\/\/agatabuczek.art\/shop\/paintings\/inner-path-original#breadcrumb\",\"itemListElement\":[{\"@type\":\"ListItem\",\"position\":1,\"name\":\"Wellcome to shop\",\"item\":\"https:\/\/agatabuczek.art\/?page_id=17\"},{\"@type\":\"ListItem\",\"position\":2,\"name\":\"Inner Path &#8211; original\"}]},{\"@type\":\"WebSite\",\"@id\":\"https:\/\/agatabuczek.art\/#website\",\"url\":\"https:\/\/agatabuczek.art\/\",\"name\":\"Agata Buczek Art\",\"description\":\"obraz, obraz do salonu, obraz na p\u0142\u00f3tnie, obraz do sypialni, abstrakcja, fine art, giclee, inkografia, buczek, obraz olejny, painting, painting with a twist, giclee, inkography, oil painting, oil painting for sale, painting for the living room, bild, kunst, modern kunst, abstrakte kunst, surrealismus kunst, olgemalde, bild f\u00fcrs wohnzimmer, kunstwerk\",\"publisher\":{\"@id\":\"https:\/\/agatabuczek.art\/#organization\"},\"potentialAction\":[{\"@type\":\"SearchAction\",\"target\":{\"@type\":\"EntryPoint\",\"urlTemplate\":\"https:\/\/agatabuczek.art\/?s={search_term_string}\"},\"query-input\":\"required name=search_term_string\"}],\"inLanguage\":\"de-DE\"},{\"@type\":\"Organization\",\"@id\":\"https:\/\/agatabuczek.art\/#organization\",\"name\":\"Agata Buczek Art\",\"url\":\"https:\/\/agatabuczek.art\/\",\"logo\":{\"@type\":\"ImageObject\",\"inLanguage\":\"de-DE\",\"@id\":\"https:\/\/agatabuczek.art\/#\/schema\/logo\/image\/\",\"url\":\"https:\/\/agatabuczek.art\/wp-content\/uploads\/2022\/05\/smallLogo.svg\",\"contentUrl\":\"https:\/\/agatabuczek.art\/wp-content\/uploads\/2022\/05\/smallLogo.svg\",\"width\":400,\"height\":400,\"caption\":\"Agata Buczek Art\"},\"image\":{\"@id\":\"https:\/\/agatabuczek.art\/#\/schema\/logo\/image\/\"}}]}<\/script>\n<!-- \/ Yoast SEO plugin. -->","yoast_head_json":{"title":"Inner Path - original - Agata Buczek Art","description":"Original oil painting \"Inner Path\" created by Agata Buczek that is available here in her offical store","robots":{"index":"index","follow":"follow","max-snippet":"max-snippet:-1","max-image-preview":"max-image-preview:large","max-video-preview":"max-video-preview:-1"},"canonical":"https:\/\/agatabuczek.art\/de\/shop\/paintings\/der-innere-weg-original\/","og_locale":"de_DE","og_type":"article","og_title":"Inner Path - original - Agata Buczek Art","og_description":"Original oil painting \"Inner Path\" created by Agata Buczek that is available here in her offical store","og_url":"https:\/\/agatabuczek.art\/de\/shop\/paintings\/der-innere-weg-original\/","og_site_name":"Agata Buczek Art","article_modified_time":"2026-04-03T14:53:57+00:00","og_image":[{"width":2000,"height":2000,"url":"https:\/\/agatabuczek.art\/wp-content\/uploads\/2026\/04\/wewnetrzna_droga.webp","type":"image\/webp"}],"twitter_card":"summary_large_image","twitter_misc":{"Gesch\u00e4tzte Lesezeit":"2 Minuten"},"schema":{"@context":"https:\/\/schema.org","@graph":[{"@type":"WebPage","@id":"https:\/\/agatabuczek.art\/shop\/paintings\/inner-path-original","url":"https:\/\/agatabuczek.art\/shop\/paintings\/inner-path-original","name":"Inner Path - original - Agata Buczek Art","isPartOf":{"@id":"https:\/\/agatabuczek.art\/#website"},"datePublished":"2026-04-03T14:45:27+00:00","dateModified":"2026-04-03T14:53:57+00:00","description":"Original oil painting \"Inner Path\" created by Agata Buczek that is available here in her offical store","breadcrumb":{"@id":"https:\/\/agatabuczek.art\/shop\/paintings\/inner-path-original#breadcrumb"},"inLanguage":"de-DE","potentialAction":[{"@type":"ReadAction","target":["https:\/\/agatabuczek.art\/shop\/paintings\/inner-path-original"]}]},{"@type":"BreadcrumbList","@id":"https:\/\/agatabuczek.art\/shop\/paintings\/inner-path-original#breadcrumb","itemListElement":[{"@type":"ListItem","position":1,"name":"Wellcome to shop","item":"https:\/\/agatabuczek.art\/?page_id=17"},{"@type":"ListItem","position":2,"name":"Inner Path &#8211; original"}]},{"@type":"WebSite","@id":"https:\/\/agatabuczek.art\/#website","url":"https:\/\/agatabuczek.art\/","name":"Agata Buczek Art","description":"obraz, obraz do salonu, obraz na p\u0142\u00f3tnie, obraz do sypialni, abstrakcja, fine art, giclee, inkografia, buczek, obraz olejny, painting, painting with a twist, giclee, inkography, oil painting, oil painting for sale, painting for the living room, bild, kunst, modern kunst, abstrakte kunst, surrealismus kunst, olgemalde, bild f\u00fcrs wohnzimmer, kunstwerk","publisher":{"@id":"https:\/\/agatabuczek.art\/#organization"},"potentialAction":[{"@type":"SearchAction","target":{"@type":"EntryPoint","urlTemplate":"https:\/\/agatabuczek.art\/?s={search_term_string}"},"query-input":"required name=search_term_string"}],"inLanguage":"de-DE"},{"@type":"Organization","@id":"https:\/\/agatabuczek.art\/#organization","name":"Agata Buczek Art","url":"https:\/\/agatabuczek.art\/","logo":{"@type":"ImageObject","inLanguage":"de-DE","@id":"https:\/\/agatabuczek.art\/#\/schema\/logo\/image\/","url":"https:\/\/agatabuczek.art\/wp-content\/uploads\/2022\/05\/smallLogo.svg","contentUrl":"https:\/\/agatabuczek.art\/wp-content\/uploads\/2022\/05\/smallLogo.svg","width":400,"height":400,"caption":"Agata Buczek Art"},"image":{"@id":"https:\/\/agatabuczek.art\/#\/schema\/logo\/image\/"}}]}},"_links":{"self":[{"href":"https:\/\/agatabuczek.art\/de\/wp-json\/wp\/v2\/product\/49954"}],"collection":[{"href":"https:\/\/agatabuczek.art\/de\/wp-json\/wp\/v2\/product"}],"about":[{"href":"https:\/\/agatabuczek.art\/de\/wp-json\/wp\/v2\/types\/product"}],"replies":[{"embeddable":true,"href":"https:\/\/agatabuczek.art\/de\/wp-json\/wp\/v2\/comments?post=49954"}],"wp:featuredmedia":[{"embeddable":true,"href":"https:\/\/agatabuczek.art\/de\/wp-json\/wp\/v2\/media\/49953"}],"wp:attachment":[{"href":"https:\/\/agatabuczek.art\/de\/wp-json\/wp\/v2\/media?parent=49954"}],"wp:term":[{"taxonomy":"product_cat","embeddable":true,"href":"https:\/\/agatabuczek.art\/de\/wp-json\/wp\/v2\/product_cat?post=49954"},{"taxonomy":"product_tag","embeddable":true,"href":"https:\/\/agatabuczek.art\/de\/wp-json\/wp\/v2\/product_tag?post=49954"}],"curies":[{"name":"wp","href":"https:\/\/api.w.org\/{rel}","templated":true}]}}